{"id":208,"date":"2021-07-02T10:56:21","date_gmt":"2021-07-02T08:56:21","guid":{"rendered":"http:\/\/www.retouralunite.com\/?page_id=208"},"modified":"2022-05-03T11:27:02","modified_gmt":"2022-05-03T09:27:02","slug":"bibliotheque","status":"publish","type":"page","link":"https:\/\/www.retouralunite.com\/index.php\/bibliotheque\/","title":{"rendered":"Biblioth\u00e8que"},"content":{"rendered":"\t\t<div data-elementor-type=\"wp-page\" data-elementor-id=\"208\" class=\"elementor elementor-208\" data-elementor-settings=\"[]\">\n\t\t\t\t\t\t\t<div class=\"elementor-section-wrap\">\n\t\t\t\t\t\t\t<section class=\"elementor-section elementor-top-section elementor-element elementor-element-58a4f885 elementor-section-boxed elementor-section-height-default elementor-section-height-default\" data-id=\"58a4f885\" data-element_type=\"section\">\n\t\t\t\t\t\t<div class=\"elementor-container elementor-column-gap-default\">\n\t\t\t\t\t<div class=\"elementor-column elementor-col-100 elementor-top-column elementor-element elementor-element-7239b936\" data-id=\"7239b936\" data-element_type=\"column\">\n\t\t\t<div class=\"elementor-widget-wrap elementor-element-populated\">\n\t\t\t\t\t\t\t\t<section class=\"elementor-section elementor-inner-section elementor-element elementor-element-eafa749 elementor-section-boxed elementor-section-height-default elementor-section-height-default\" data-id=\"eafa749\" data-element_type=\"section\">\n\t\t\t\t\t\t<div class=\"elementor-container elementor-column-gap-default\">\n\t\t\t\t\t<div class=\"elementor-column elementor-col-100 elementor-inner-column elementor-element elementor-element-d96fdf8\" data-id=\"d96fdf8\" data-element_type=\"column\">\n\t\t\t<div class=\"elementor-widget-wrap elementor-element-populated\">\n\t\t\t\t\t\t\t\t<div class=\"elementor-element elementor-element-c43e127 elementor-widget elementor-widget-text-editor\" data-id=\"c43e127\" data-element_type=\"widget\" data-widget_type=\"text-editor.default\">\n\t\t\t\t<div class=\"elementor-widget-container\">\n\t\t\t\t\t\t\t<figure class=\"wp-block-media-text__media\"><\/figure>\n<div class=\"wp-block-media-text__content\"><!-- wp:paragraph {\"placeholder\":\"Contenu\u2026\",\"fontSize\":\"large\"} --><!-- \/wp:paragraph --><!-- wp:paragraph {\"fontSize\":\"small\"} -->\n<p><img src=\"https:\/\/www.retouralunite.com\/wp-content\/uploads\/2021\/07\/lebunker2-1-200x300.jpg\" alt=\"\" width=\"200\" height=\"300\" class=\"size-medium wp-image-246 alignleft\" srcset=\"https:\/\/www.retouralunite.com\/wp-content\/uploads\/2021\/07\/lebunker2-1-200x300.jpg 200w, https:\/\/www.retouralunite.com\/wp-content\/uploads\/2021\/07\/lebunker2-1-683x1024.jpg 683w, https:\/\/www.retouralunite.com\/wp-content\/uploads\/2021\/07\/lebunker2-1-768x1152.jpg 768w, https:\/\/www.retouralunite.com\/wp-content\/uploads\/2021\/07\/lebunker2-1.jpg 907w\" sizes=\"(max-width: 200px) 100vw, 200px\" \/><\/p>\n<p class=\"has-small-font-size\">Le Bunker est par d\u00e9finition un endroit reclus et fortifi\u00e9, con\u00e7u pour r\u00e9sister aux assauts venus de l&rsquo;ext\u00e9rieur. C&rsquo;est aussi un lieu dans lequel on retient quelqu&rsquo;un pour mieux le contr\u00f4ler. Le bunker devient alors une prison.<\/p>\n<!-- \/wp:paragraph --><!-- wp:paragraph {\"fontSize\":\"small\"} -->\n<p class=\"has-small-font-size\">Dans ce r\u00e9cit, l&rsquo;enfant qui y a \u00e9t\u00e9 enferm\u00e9e pr\u00e9f\u00e9rerait mourir que d&rsquo;\u00eatre priv\u00e9e de libert\u00e9.<\/p>\n<!-- \/wp:paragraph --><!-- wp:paragraph {\"fontSize\":\"small\"} -->\n<p class=\"has-small-font-size\">Cette enfant va-t-elle r\u00e9ussir \u00e0 s&rsquo;en \u00e9chapper ? Va-t-elle r\u00e9ussir \u00e0 devenir une jeune femme heureuse et aim\u00e9e ? L&rsquo;ivresse des conqu\u00eates et des aventures va-t-elle lui permettre de briser ses chaines ? Suffit-il d&rsquo;\u00eatre dehors pour \u00eatre v\u00e9ritablement libre ?<\/p>\n<!-- \/wp:paragraph --><!-- wp:paragraph {\"fontSize\":\"small\"} -->\n<p class=\"has-small-font-size\">Dans le Bunker, le lecteur accompagne l&rsquo;auteure dans une qu\u00eate de libert\u00e9, la suit aux quatre coins du monde, pour finalement entreprendre le seul voyage qui compte, celui de l&rsquo;int\u00e9rieur.<\/p>\n<p><img src=\"https:\/\/www.retouralunite.com\/wp-content\/uploads\/2022\/05\/lebunkerdetail.png\" alt=\"\" width=\"768\" height=\"116\" class=\"alignnone wp-image-1213 size-full\" srcset=\"https:\/\/www.retouralunite.com\/wp-content\/uploads\/2022\/05\/lebunkerdetail.png 768w, https:\/\/www.retouralunite.com\/wp-content\/uploads\/2022\/05\/lebunkerdetail-300x45.png 300w\" sizes=\"(max-width: 768px) 100vw, 768px\" \/><\/p>\n<\/div>\t\t\t\t\t\t<\/div>\n\t\t\t\t<\/div>\n\t\t\t\t\t<\/div>\n\t\t<\/div>\n\t\t\t\t\t\t\t<\/div>\n\t\t<\/section>\n\t\t\t\t<div class=\"elementor-element elementor-element-df1ee7a elementor-align-center elementor-widget elementor-widget-button\" data-id=\"df1ee7a\" data-element_type=\"widget\" data-widget_type=\"button.default\">\n\t\t\t\t<div class=\"elementor-widget-container\">\n\t\t\t\t\t<div class=\"elementor-button-wrapper\">\n\t\t\t<a href=\"https:\/\/www.amazon.fr\/Bunker-Hakima-Bway\/dp\/2981898000\/ref=sr_1_3?__mk_fr_FR=%C3%85M%C3%85%C5%BD%C3%95%C3%91&#038;crid=3DZRO9ET46COZ&#038;keywords=le+bunker&#038;qid=1651569332&#038;s=books&#038;sprefix=le+bunker%2Cstripbooks%2C79&#038;sr=1-3\" class=\"elementor-button-link elementor-button elementor-size-sm\" role=\"button\">\n\t\t\t\t\t\t<span class=\"elementor-button-content-wrapper\">\n\t\t\t\t\t\t<span class=\"elementor-button-text\">Acheter<\/span>\n\t\t<\/span>\n\t\t\t\t\t<\/a>\n\t\t<\/div>\n\t\t\t\t<\/div>\n\t\t\t\t<\/div>\n\t\t\t\t<div class=\"elementor-element elementor-element-b6bb945 elementor-widget elementor-widget-spacer\" data-id=\"b6bb945\" data-element_type=\"widget\" data-widget_type=\"spacer.default\">\n\t\t\t\t<div class=\"elementor-widget-container\">\n\t\t\t\t\t<div class=\"elementor-spacer\">\n\t\t\t<div class=\"elementor-spacer-inner\"><\/div>\n\t\t<\/div>\n\t\t\t\t<\/div>\n\t\t\t\t<\/div>\n\t\t\t\t<section class=\"elementor-section elementor-inner-section elementor-element elementor-element-d66bf14 elementor-section-boxed elementor-section-height-default elementor-section-height-default\" data-id=\"d66bf14\" data-element_type=\"section\">\n\t\t\t\t\t\t<div class=\"elementor-container elementor-column-gap-default\">\n\t\t\t\t\t<div class=\"elementor-column elementor-col-100 elementor-inner-column elementor-element elementor-element-c6a834e\" data-id=\"c6a834e\" data-element_type=\"column\">\n\t\t\t<div class=\"elementor-widget-wrap elementor-element-populated\">\n\t\t\t\t\t\t\t\t<div class=\"elementor-element elementor-element-3e69810 elementor-widget elementor-widget-text-editor\" data-id=\"3e69810\" data-element_type=\"widget\" data-widget_type=\"text-editor.default\">\n\t\t\t\t<div class=\"elementor-widget-container\">\n\t\t\t\t\t\t\t<p><img src=\"https:\/\/www.retouralunite.com\/wp-content\/uploads\/2021\/07\/Pour-une-enfance-heureuse-183x300.jpg\" alt=\"\" width=\"183\" height=\"300\" class=\"size-medium wp-image-255 alignleft\" srcset=\"https:\/\/www.retouralunite.com\/wp-content\/uploads\/2021\/07\/Pour-une-enfance-heureuse-183x300.jpg 183w, https:\/\/www.retouralunite.com\/wp-content\/uploads\/2021\/07\/Pour-une-enfance-heureuse.jpg 400w\" sizes=\"(max-width: 183px) 100vw, 183px\" \/><\/p>\n<p class=\"has-small-font-size\">Le Dr Catherine GUEGUEN est p\u00e9diatre \u00e0 l&rsquo;Institut hospitalier franc-britannique depuis vingt-sept ans. Sp\u00e9cialis\u00e9e dans le soutien \u00e0 la parentalit\u00e9, elle anime aussi des groupes de travail pour les m\u00e9decins, psychologues, \u00e9ducateurs et sages-femmes.<\/p>\n<p><!-- \/wp:paragraph --><!-- wp:paragraph {\"fontSize\":\"small\"} --><\/p>\n<p class=\"has-small-font-size\">Les derni\u00e8res d\u00e9couvertes scientifiques sur le d\u00e9veloppement et le fonctionnement du cerveau bouleversent notre compr\u00e9hension des besoins de l&rsquo;enfant. Elles d\u00e9montrent qu&rsquo;une relation empathique est d\u00e9cisive pour permettre au cerveau des enfants et des adolescents d&rsquo;\u00e9voluer au mieux, en d\u00e9ployant pleinement ses capacit\u00e9s intellectuelles et affectives.<\/p>\n<p><!-- \/wp:paragraph --><!-- wp:paragraph {\"fontSize\":\"small\"} --><\/p>\n<p class=\"has-small-font-size\">Catherine Gueguen nous fait partager ces d\u00e9couvertes et propose des conseils \u00e9ducatifs pour les parents et les professionnels. Un v\u00e9ritable plaidoyer en faveur d&rsquo;une \u00e9ducation bienveillante qui remet en cause nombre d&rsquo;id\u00e9es re\u00e7ues. \u00ab Complet, accessible et agr\u00e9able \u00e0 lire. Une excellente lecture pour aider [son] enfant \u00e0 grandir. \u00bb Le Monde Science &amp; M\u00e9decine Pr\u00e9face de Thomas d&rsquo;Ansembourg<\/p>\n<p><!-- \/wp:paragraph --><!-- wp:paragraph {\"fontSize\":\"small\"} --><\/p>\n<p class=\"has-small-font-size\">Catherine Gueguen est p\u00e9diatre \u00e0 l&rsquo;Institut hospitalier Franco-britannique Levallois-Perret depuis 27 ans. Sp\u00e9cialis\u00e9e dans le soutien \u00e0 la parentalit\u00e9, form\u00e9e en haptonomie (la mise en relation par le contact physique) et en communication non violente, elle anime aussi des groupes de travail pour les m\u00e9decins, psychologues, \u00e9ducateurs, sages-femmes sur l&rsquo;aide et le soutien \u00e0 apporter aux parents.<\/p>\n<p><img src=\"https:\/\/www.retouralunite.com\/wp-content\/uploads\/2022\/05\/ENFANCEHEURESEV3.png\" alt=\"\" width=\"769\" height=\"105\" class=\"alignnone wp-image-1239 size-full\" srcset=\"https:\/\/www.retouralunite.com\/wp-content\/uploads\/2022\/05\/ENFANCEHEURESEV3.png 769w, https:\/\/www.retouralunite.com\/wp-content\/uploads\/2022\/05\/ENFANCEHEURESEV3-300x41.png 300w\" sizes=\"(max-width: 769px) 100vw, 769px\" \/><\/p>\n<p><!-- \/wp:paragraph --><!-- wp:spacer {\"height\":49} --><\/p>\t\t\t\t\t\t<\/div>\n\t\t\t\t<\/div>\n\t\t\t\t<div class=\"elementor-element elementor-element-67db433 elementor-align-center elementor-widget elementor-widget-button\" data-id=\"67db433\" data-element_type=\"widget\" data-widget_type=\"button.default\">\n\t\t\t\t<div class=\"elementor-widget-container\">\n\t\t\t\t\t<div class=\"elementor-button-wrapper\">\n\t\t\t<a href=\"https:\/\/www.amazon.fr\/Pour-une-enfance-heureuse-d%C3%A9couvertes\/dp\/226625409X\" class=\"elementor-button-link elementor-button elementor-size-sm\" role=\"button\">\n\t\t\t\t\t\t<span class=\"elementor-button-content-wrapper\">\n\t\t\t\t\t\t<span class=\"elementor-button-text\">Acheter<\/span>\n\t\t<\/span>\n\t\t\t\t\t<\/a>\n\t\t<\/div>\n\t\t\t\t<\/div>\n\t\t\t\t<\/div>\n\t\t\t\t\t<\/div>\n\t\t<\/div>\n\t\t\t\t\t\t\t<\/div>\n\t\t<\/section>\n\t\t\t\t<div class=\"elementor-element elementor-element-a27ed95 elementor-widget elementor-widget-spacer\" data-id=\"a27ed95\" data-element_type=\"widget\" data-widget_type=\"spacer.default\">\n\t\t\t\t<div class=\"elementor-widget-container\">\n\t\t\t\t\t<div class=\"elementor-spacer\">\n\t\t\t<div class=\"elementor-spacer-inner\"><\/div>\n\t\t<\/div>\n\t\t\t\t<\/div>\n\t\t\t\t<\/div>\n\t\t\t\t<section class=\"elementor-section elementor-inner-section elementor-element elementor-element-3c90158 elementor-section-boxed elementor-section-height-default elementor-section-height-default\" data-id=\"3c90158\" data-element_type=\"section\">\n\t\t\t\t\t\t<div class=\"elementor-container elementor-column-gap-default\">\n\t\t\t\t\t<div class=\"elementor-column elementor-col-100 elementor-inner-column elementor-element elementor-element-f4aefe3\" data-id=\"f4aefe3\" data-element_type=\"column\">\n\t\t\t<div class=\"elementor-widget-wrap elementor-element-populated\">\n\t\t\t\t\t\t\t\t<div class=\"elementor-element elementor-element-c5802e0 elementor-widget elementor-widget-text-editor\" data-id=\"c5802e0\" data-element_type=\"widget\" data-widget_type=\"text-editor.default\">\n\t\t\t\t<div class=\"elementor-widget-container\">\n\t\t\t\t\t\t\t<p><img src=\"https:\/\/www.retouralunite.com\/wp-content\/uploads\/2021\/07\/Notre-corps-ne-ment-jamais-182x300.jpg\" alt=\"\" width=\"182\" height=\"300\" class=\"size-medium wp-image-257 alignleft\" srcset=\"https:\/\/www.retouralunite.com\/wp-content\/uploads\/2021\/07\/Notre-corps-ne-ment-jamais-182x300.jpg 182w, https:\/\/www.retouralunite.com\/wp-content\/uploads\/2021\/07\/Notre-corps-ne-ment-jamais.jpg 400w\" sizes=\"(max-width: 182px) 100vw, 182px\" \/><\/p>\n<p class=\"has-small-font-size\">Notre corps ne ment jamais. Quand nous tombons malades, quand nous faisons l&rsquo;exp\u00e9rience de la d\u00e9pression, de la toxicomanie, de l&rsquo;anorexie, c&rsquo;est que nous sommes travers\u00e9s par un conflit int\u00e9rieur entre ce que nous ressentons et ce que nous voudrions ressentir.<\/p>\n<p class=\"has-small-font-size\">D&rsquo;un c\u00f4t\u00e9, il y a notre corps, qui garde intacte la m\u00e9moire de notre histoire &#8211; et tout particuli\u00e8rement des mauvais traitements que nos parents ont pu nous infliger\u00a0-, de l&rsquo;autre, il y a notre esprit et notre volont\u00e9, conditionn\u00e9s par la morale et notre \u00e9ducation, qui nous d\u00e9terminent \u00e0 aimer et honorer, quoi qu&rsquo;il arrive, ces m\u00eames parents.<\/p>\n<p class=\"has-small-font-size\">Ce livre explore, \u00e0 travers de nombreux exemples &#8211; notamment des vies d&rsquo;\u00e9crivains c\u00e9l\u00e8bres\u00a0-, les cons\u00e9quences parfois dramatiques de ce conflit, mais il montre aussi qu&rsquo;il existe des raisons d&rsquo;esp\u00e9rer.<\/p>\n<p class=\"has-small-font-size\">Non, nous ne sommes pas oblig\u00e9s d&rsquo;\u00eatre les \u00abbons\u00bb enfants de nos parents s&rsquo;ils nous ont fait du mal et s&rsquo;ils continuent de pratiquer le chantage affectif. Oui, c&rsquo;est notre responsabilit\u00e9 que d&rsquo;\u00eatre attentifs aux signaux d&rsquo;alerte que nous envoie notre corps.<\/p>\n<p class=\"has-small-font-size\">Au terme de ce chemin exigeant par lequel nous acceptons de relire l&rsquo;histoire de nos rapports avec nos parents, il y a l&rsquo;espoir de na\u00eetre \u00e0 une authentique libert\u00e9 int\u00e9rieure.<\/p>\n<p><img src=\"https:\/\/www.retouralunite.com\/wp-content\/uploads\/2022\/05\/ALICEMILLER.png\" alt=\"\" width=\"736\" height=\"108\" class=\"alignnone wp-image-1243 size-full\" srcset=\"https:\/\/www.retouralunite.com\/wp-content\/uploads\/2022\/05\/ALICEMILLER.png 736w, https:\/\/www.retouralunite.com\/wp-content\/uploads\/2022\/05\/ALICEMILLER-300x44.png 300w\" sizes=\"(max-width: 736px) 100vw, 736px\" \/><\/p>\t\t\t\t\t\t<\/div>\n\t\t\t\t<\/div>\n\t\t\t\t<div class=\"elementor-element elementor-element-f915978 elementor-align-center elementor-widget elementor-widget-button\" data-id=\"f915978\" data-element_type=\"widget\" data-widget_type=\"button.default\">\n\t\t\t\t<div class=\"elementor-widget-container\">\n\t\t\t\t\t<div class=\"elementor-button-wrapper\">\n\t\t\t<a href=\"https:\/\/www.amazon.fr\/Notre-corps-ne-ment-jamais\/dp\/2081289490\/ref=sr_1_1?keywords=notre+corps+ne+ment+jamais&#038;qid=1651569821&#038;s=books&#038;sprefix=NOTRE+CORPS%2Cstripbooks%2C77&#038;sr=1-1\" class=\"elementor-button-link elementor-button elementor-size-sm\" role=\"button\">\n\t\t\t\t\t\t<span class=\"elementor-button-content-wrapper\">\n\t\t\t\t\t\t<span class=\"elementor-button-text\">Acheter<\/span>\n\t\t<\/span>\n\t\t\t\t\t<\/a>\n\t\t<\/div>\n\t\t\t\t<\/div>\n\t\t\t\t<\/div>\n\t\t\t\t<div class=\"elementor-element elementor-element-5229fd0 elementor-widget elementor-widget-spacer\" data-id=\"5229fd0\" data-element_type=\"widget\" data-widget_type=\"spacer.default\">\n\t\t\t\t<div class=\"elementor-widget-container\">\n\t\t\t\t\t<div class=\"elementor-spacer\">\n\t\t\t<div class=\"elementor-spacer-inner\"><\/div>\n\t\t<\/div>\n\t\t\t\t<\/div>\n\t\t\t\t<\/div>\n\t\t\t\t\t<\/div>\n\t\t<\/div>\n\t\t\t\t\t\t\t<\/div>\n\t\t<\/section>\n\t\t\t\t\t<\/div>\n\t\t<\/div>\n\t\t\t\t\t\t\t<\/div>\n\t\t<\/section>\n\t\t\t\t\t\t<\/div>\n\t\t\t\t\t<\/div>\n\t\t","protected":false},"excerpt":{"rendered":"<p>Le Bunker est par d\u00e9finition un endroit reclus et fortifi\u00e9, con\u00e7u pour r\u00e9sister aux assauts venus de l&rsquo;ext\u00e9rieur. C&rsquo;est aussi un lieu dans lequel on retient quelqu&rsquo;un pour mieux le contr\u00f4ler. Le bunker devient alors une prison. Dans ce r\u00e9cit, l&rsquo;enfant qui y a \u00e9t\u00e9 enferm\u00e9e pr\u00e9f\u00e9rerait mourir que d&rsquo;\u00eatre [&hellip;]<\/p>\n","protected":false},"author":1,"featured_media":241,"parent":0,"menu_order":0,"comment_status":"closed","ping_status":"closed","template":"","meta":[],"_links":{"self":[{"href":"https:\/\/www.retouralunite.com\/index.php\/wp-json\/wp\/v2\/pages\/208"}],"collection":[{"href":"https:\/\/www.retouralunite.com\/index.php\/wp-json\/wp\/v2\/pages"}],"about":[{"href":"https:\/\/www.retouralunite.com\/index.php\/wp-json\/wp\/v2\/types\/page"}],"author":[{"embeddable":true,"href":"https:\/\/www.retouralunite.com\/index.php\/wp-json\/wp\/v2\/users\/1"}],"replies":[{"embeddable":true,"href":"https:\/\/www.retouralunite.com\/index.php\/wp-json\/wp\/v2\/comments?post=208"}],"version-history":[{"count":65,"href":"https:\/\/www.retouralunite.com\/index.php\/wp-json\/wp\/v2\/pages\/208\/revisions"}],"predecessor-version":[{"id":1261,"href":"https:\/\/www.retouralunite.com\/index.php\/wp-json\/wp\/v2\/pages\/208\/revisions\/1261"}],"wp:featuredmedia":[{"embeddable":true,"href":"https:\/\/www.retouralunite.com\/index.php\/wp-json\/wp\/v2\/media\/241"}],"wp:attachment":[{"href":"https:\/\/www.retouralunite.com\/index.php\/wp-json\/wp\/v2\/media?parent=208"}],"curies":[{"name":"wp","href":"https:\/\/api.w.org\/{rel}","templated":true}]}}