{"id":212,"date":"2021-07-02T10:57:35","date_gmt":"2021-07-02T08:57:35","guid":{"rendered":"http:\/\/www.retouralunite.com\/?page_id=212"},"modified":"2022-05-12T15:43:00","modified_gmt":"2022-05-12T13:43:00","slug":"lauto-guerison-de-ses-blessures-denfants","status":"publish","type":"page","link":"https:\/\/www.retouralunite.com\/index.php\/lauto-guerison-de-ses-blessures-denfants\/","title":{"rendered":"L&rsquo;auto gu\u00e9rison de ses blessures d&rsquo;enfants"},"content":{"rendered":"\n<div class=\"wp-block-group\"><div class=\"wp-block-group__inner-container\">\n<p><img width=\"311\" height=\"394\" src=\"https:\/\/www.retouralunite.com\/wp-content\/uploads\/2021\/07\/EPYRWelX4AAEPVVauto-guerison-237x300.jpg\" alt=\"\" loading=\"lazy\" srcset=\"https:\/\/www.retouralunite.com\/wp-content\/uploads\/2021\/07\/EPYRWelX4AAEPVVauto-guerison-237x300.jpg 237w, https:\/\/www.retouralunite.com\/wp-content\/uploads\/2021\/07\/EPYRWelX4AAEPVVauto-guerison-809x1024.jpg 809w, https:\/\/www.retouralunite.com\/wp-content\/uploads\/2021\/07\/EPYRWelX4AAEPVVauto-guerison-768x972.jpg 768w, https:\/\/www.retouralunite.com\/wp-content\/uploads\/2021\/07\/EPYRWelX4AAEPVVauto-guerison.jpg 948w\" sizes=\"(max-width: 237px) 100vw, 237px\" class=\"aligncenter\"><\/p>\n\n\n\n<figure class=\"wp-block-pullquote\"><blockquote><p>\u00ab\u00a0Quand les parties gu\u00e9ries de l&rsquo;enfant reprennent leurs places en vous, tous vos vides se remplissent enfin de qui vous \u00eates, de vos potentiels. Un v\u00e9ritable et puissant retour \u00e0 l&rsquo;UNITE\u00a0\u00bb<\/p><\/blockquote><\/figure>\n<\/div><\/div>\n\n\n\n<div style=\"height:56px\" aria-hidden=\"true\" class=\"wp-block-spacer\"><\/div>\n\n\n\n<p>La vie d&rsquo;adulte n&rsquo;est qu&rsquo;une r\u00e9p\u00e9tition du monde de l&rsquo;enfant, puisque tout s&rsquo;imprime d\u00e8s la conception. La mani\u00e8re dont l&rsquo;enfant vient au monde par exemple sa<strong> \u00ab\u00a0n\u00e9-sens\u00a0\u00bb<\/strong> sera un des supports sur lequel il envisagera sa r\u00e9alit\u00e9, sa relation \u00e0 lui-m\u00eame et aux autres, son appr\u00e9hension au changement et sa capacit\u00e9 \u00e0 aborder les d\u00e9fis qui d\u00e9pendront en partie de ce premier moment de vie.<\/p>\n\n\n\n<div style=\"height:25px\" aria-hidden=\"true\" class=\"wp-block-spacer\"><\/div>\n\n\n\n<p><\/p>\n\n\n\n<p><strong>L&rsquo;enfant int\u00e9rieur<\/strong>, parce que l&rsquo;expression est au singulier nous avons cru qu&rsquo;il n&rsquo;y avait qu&rsquo;un enfant bless\u00e9 en nous.<\/p>\n\n\n\n<div style=\"height:25px\" aria-hidden=\"true\" class=\"wp-block-spacer\"><\/div>\n\n\n\n<p>Depuis notre conception et \u00e0 chaque fois qu&rsquo;une situation dramatique a \u00e9t\u00e9 per\u00e7ue, v\u00e9cue pour y survivre vous vous \u00eates d\u00e9doubl\u00e9s \u00e9nerg\u00e9tiquement. Imaginez un chemin avec une multitude vous coinc\u00e9s dans des situations particuli\u00e8res qui se rejouent sans fin, vous avez grandi, mais vous \u00eates, malgr\u00e9 vous et inconsciemment, reli\u00e9 \u00e0 tous ces enfants souffrant de votre pass\u00e9 qui suivant les situations que vous vivez exprimeront toutes leurs blessures dans votre pr\u00e9sent.<\/p>\n\n\n\n<div style=\"height:25px\" aria-hidden=\"true\" class=\"wp-block-spacer\"><\/div>\n\n\n\n<p>On ne peut pas changer les circonstances et les cadres du pass\u00e9 mais nous avons la r\u00e9elle capacit\u00e9 aujourd&rsquo;hui dans le pr\u00e9sent de retourner dans notre fil du temps pass\u00e9 en empruntant le chemin int\u00e9rieur pour aller \u00e0 la rencontre de nous \u00ab\u00a0<strong>Enfant<\/strong>\u00a0\u00bb. La lib\u00e9ration commence dans la gu\u00e9rison de ces parties de nous\u00a0qui va permettre une v\u00e9ritable reprogrammation\u00a0cellulaire. On transforme sa vie en revenant \u00e0 la cause de la probl\u00e9matique dans le pass\u00e9 et ainsi en modifier les effets dans le pr\u00e9sent et le devenir.\u00a0Pour cesser la guerre en nous, la guerre de l&rsquo;auto-critique, la d\u00e9valorisation, le non-amour de soi, acceptons et choisissons d&#8217;embrasser ces facettes de nous qui se sont construites sur des mensonges, des croyances, des souffrances et qui perp\u00e9tuent par des m\u00e9canismes de conditionnement la douleur de vivre.<\/p>\n\n\n\n<div style=\"height:25px\" aria-hidden=\"true\" class=\"wp-block-spacer\"><\/div>\n\n\n\n<p>Et si le temps \u00e9tait venu <strong>de s&rsquo;occuper de Soi en conscience<\/strong>.<\/p>\n\n\n\n<div style=\"height:25px\" aria-hidden=\"true\" class=\"wp-block-spacer\"><\/div>\n\n\n\n<p>Et si le temps \u00e9tait venu <strong>de l\u00e2cher les fausses s\u00e9curit\u00e9s ext\u00e9rieures<\/strong>.<\/p>\n\n\n\n<div style=\"height:25px\" aria-hidden=\"true\" class=\"wp-block-spacer\"><\/div>\n\n\n\n<p>Et si le temps \u00e9tait venu <strong>de devenir enfin responsable de nous, de nos \u00e9motions, de nos peurs et de choisir l&rsquo;amour pour Soi.<\/strong><\/p>\n\n\n\n<div style=\"height:25px\" aria-hidden=\"true\" class=\"wp-block-spacer\"><\/div>\n\n\n\n<p>Cet atelier va vous permettre l&rsquo;autogu\u00e9rison de vos aspects enfants int\u00e9rieurs, plac\u00e9 dans la posture du parent bienveillant envers vous-m\u00eame et guid\u00e9 par <strong>Marie-France<\/strong> cr\u00e9atrice de cette m\u00e9thode r\u00e9volutionnaire et puissante,\u00a0 l&rsquo;alchimie int\u00e9rieure op\u00e8re et lib\u00e8re votre puissance de vie.<\/p>\n\n\n\n<p><\/p>\n\n\n\n<p>Vous souhaitez vous inscrire \u00e0 cet atelier, rendez-vous sur notre <a href=\"https:\/\/www.retouralunite.com\/index.php\/billeterie\/\">Billeterie<\/a>.<\/p>\n\n\n\n<div style=\"height:35px\" aria-hidden=\"true\" class=\"wp-block-spacer\"><\/div>\n","protected":false},"excerpt":{"rendered":"<p>\u00ab\u00a0Quand les parties gu\u00e9ries de l&rsquo;enfant reprennent leurs places en vous, tous vos vides se remplissent enfin de qui vous \u00eates, de vos potentiels. Un v\u00e9ritable et puissant retour \u00e0 l&rsquo;UNITE\u00a0\u00bb La vie d&rsquo;adulte n&rsquo;est qu&rsquo;une r\u00e9p\u00e9tition du monde de l&rsquo;enfant, puisque tout s&rsquo;imprime d\u00e8s la conception. La mani\u00e8re dont [&hellip;]<\/p>\n","protected":false},"author":1,"featured_media":286,"parent":0,"menu_order":0,"comment_status":"closed","ping_status":"closed","template":"","meta":[],"_links":{"self":[{"href":"https:\/\/www.retouralunite.com\/index.php\/wp-json\/wp\/v2\/pages\/212"}],"collection":[{"href":"https:\/\/www.retouralunite.com\/index.php\/wp-json\/wp\/v2\/pages"}],"about":[{"href":"https:\/\/www.retouralunite.com\/index.php\/wp-json\/wp\/v2\/types\/page"}],"author":[{"embeddable":true,"href":"https:\/\/www.retouralunite.com\/index.php\/wp-json\/wp\/v2\/users\/1"}],"replies":[{"embeddable":true,"href":"https:\/\/www.retouralunite.com\/index.php\/wp-json\/wp\/v2\/comments?post=212"}],"version-history":[{"count":30,"href":"https:\/\/www.retouralunite.com\/index.php\/wp-json\/wp\/v2\/pages\/212\/revisions"}],"predecessor-version":[{"id":1322,"href":"https:\/\/www.retouralunite.com\/index.php\/wp-json\/wp\/v2\/pages\/212\/revisions\/1322"}],"wp:featuredmedia":[{"embeddable":true,"href":"https:\/\/www.retouralunite.com\/index.php\/wp-json\/wp\/v2\/media\/286"}],"wp:attachment":[{"href":"https:\/\/www.retouralunite.com\/index.php\/wp-json\/wp\/v2\/media?parent=212"}],"curies":[{"name":"wp","href":"https:\/\/api.w.org\/{rel}","templated":true}]}}