{"id":490,"date":"2021-09-02T10:33:38","date_gmt":"2021-09-02T08:33:38","guid":{"rendered":"https:\/\/www.retouralunite.com\/?page_id=490"},"modified":"2022-05-12T15:43:21","modified_gmt":"2022-05-12T13:43:21","slug":"programme-au-dela-des-peurs-pour-retrouver-laudace","status":"publish","type":"page","link":"https:\/\/www.retouralunite.com\/index.php\/programme-au-dela-des-peurs-pour-retrouver-laudace\/","title":{"rendered":"Programme : Au del\u00e0 des peurs pour retrouver l&rsquo;audace"},"content":{"rendered":"\n<p>Un RDV pour aller au-del\u00e0 des limitations avec joie et transformer votre vie en conscience.<\/p>\n\n\n\n<div style=\"height:25px\" aria-hidden=\"true\" class=\"wp-block-spacer\"><\/div>\n\n\n\n<p>Les peurs sont aussi irr\u00e9elles que vraies dans votre quotidien et elles sont souvent l\u00e0 pour vous emp\u00eacher d\u2019oser, de vous r\u00e9aliser, de vous immobiliser ou au contraire de vous pousser dans des comportements extr\u00eames pour essayer de vous d\u00e9passer !<strong> Mais \u00e0 quel prix de tension et de stress ?<\/strong> <\/p>\n\n\n\n<div style=\"height:25px\" aria-hidden=\"true\" class=\"wp-block-spacer\"><\/div>\n\n\n\n<p>Et si \u00e0 partir de maintenant vous choisissiez de changer cette dynamique et de vous donner l&rsquo;opportunit\u00e9 de prendre de la hauteur et avoir un regard diff\u00e9rent sur les peurs install\u00e9es en vous ?<\/p>\n\n\n\n<div style=\"height:25px\" aria-hidden=\"true\" class=\"wp-block-spacer\"><\/div>\n\n\n\n<p>Nous vous proposons un programme exclusif, vivant et puissant de <strong>8 semaines<\/strong> pour ne plus subir les ins\u00e9curit\u00e9s mais vivre votre vie maintenant, librement.<\/p>\n\n\n\n<div style=\"height:25px\" aria-hidden=\"true\" class=\"wp-block-spacer\"><\/div>\n\n\n\n<p><strong>Par l&rsquo;apprentissage du ressenti et de l\u2019accueil<\/strong> nous vous guidons \u00e0 plus de conscience de ce qui se joue en vous. Vous apprendrez \u00e0 renouer avec les sensations de votre corps, v\u00e9ritable temple informationnel de ce qui est.<\/p>\n\n\n\n<div style=\"height:25px\" aria-hidden=\"true\" class=\"wp-block-spacer\"><\/div>\n\n\n\n<p>Pour changer compl\u00e8tement votre relation \u00e0 la peur, vous ferez l\u2019exp\u00e9rience d&rsquo;outils unique pour <strong>apprendre \u00e0 vous r\u00e9approprier vos peurs pour qu&rsquo;elles deviennent des alli\u00e9es<\/strong>. Pour mettre de la compr\u00e9hension mais surtout d\u00e9velopper votre autonomie en r\u00e9cup\u00e9rant ce qui vous freine au quotidien.<\/p>\n\n\n\n<div style=\"height:25px\" aria-hidden=\"true\" class=\"wp-block-spacer\"><\/div>\n\n\n\n<p>Pour aller \u00e0 la d\u00e9couverte et d\u00e9baller le cadeau puissant qui se cache derri\u00e8re chacune de vos peurs et <strong>ouvrir la voie de l&rsquo;expression cr\u00e9atrice de votre \u00catre.<\/strong><\/p>\n\n\n\n<p><\/p>\n\n\n\n<p> Vous souhaitez vous inscrire \u00e0 cet atelier, rendez-vous sur notre <a href=\"https:\/\/www.retouralunite.com\/index.php\/billeterie\/\">Billeterie<\/a>. <\/p>\n\n\n\n<div style=\"height:100px\" aria-hidden=\"true\" class=\"wp-block-spacer\"><\/div>\n\n\n\n<div class=\"wp-block-themeisle-blocks-advanced-columns has-undefined-columns has-desktop-undefined-layout has-tablet-equal-layout has-mobile-equal-layout has-default-gap has-vertical-unset\" id=\"wp-block-themeisle-blocks-advanced-columns-dc857b0d\"><div class=\"wp-block-themeisle-blocks-advanced-columns-overlay\"><\/div><div class=\"innerblocks-wrap\"><\/div><\/div>\n","protected":false},"excerpt":{"rendered":"<p>Un RDV pour aller au-del\u00e0 des limitations avec joie et transformer votre vie en conscience. Les peurs sont aussi irr\u00e9elles que vraies dans votre quotidien et elles sont souvent l\u00e0 pour vous emp\u00eacher d\u2019oser, de vous r\u00e9aliser, de vous immobiliser ou au contraire de vous pousser dans des comportements extr\u00eames [&hellip;]<\/p>\n","protected":false},"author":1,"featured_media":1021,"parent":0,"menu_order":0,"comment_status":"closed","ping_status":"closed","template":"","meta":[],"_links":{"self":[{"href":"https:\/\/www.retouralunite.com\/index.php\/wp-json\/wp\/v2\/pages\/490"}],"collection":[{"href":"https:\/\/www.retouralunite.com\/index.php\/wp-json\/wp\/v2\/pages"}],"about":[{"href":"https:\/\/www.retouralunite.com\/index.php\/wp-json\/wp\/v2\/types\/page"}],"author":[{"embeddable":true,"href":"https:\/\/www.retouralunite.com\/index.php\/wp-json\/wp\/v2\/users\/1"}],"replies":[{"embeddable":true,"href":"https:\/\/www.retouralunite.com\/index.php\/wp-json\/wp\/v2\/comments?post=490"}],"version-history":[{"count":11,"href":"https:\/\/www.retouralunite.com\/index.php\/wp-json\/wp\/v2\/pages\/490\/revisions"}],"predecessor-version":[{"id":1323,"href":"https:\/\/www.retouralunite.com\/index.php\/wp-json\/wp\/v2\/pages\/490\/revisions\/1323"}],"wp:featuredmedia":[{"embeddable":true,"href":"https:\/\/www.retouralunite.com\/index.php\/wp-json\/wp\/v2\/media\/1021"}],"wp:attachment":[{"href":"https:\/\/www.retouralunite.com\/index.php\/wp-json\/wp\/v2\/media?parent=490"}],"curies":[{"name":"wp","href":"https:\/\/api.w.org\/{rel}","templated":true}]}}