{"id":994,"date":"2022-03-17T15:31:36","date_gmt":"2022-03-17T14:31:36","guid":{"rendered":"https:\/\/www.retouralunite.com\/?page_id=994"},"modified":"2024-02-15T15:25:35","modified_gmt":"2024-02-15T14:25:35","slug":"qui-sommes-nous","status":"publish","type":"page","link":"https:\/\/www.retouralunite.com\/index.php\/qui-sommes-nous\/","title":{"rendered":"Qui sommes nous"},"content":{"rendered":"\t\t<div data-elementor-type=\"wp-page\" data-elementor-id=\"994\" class=\"elementor elementor-994\" data-elementor-settings=\"[]\">\n\t\t\t\t\t\t\t<div class=\"elementor-section-wrap\">\n\t\t\t\t\t\t\t<section class=\"elementor-section elementor-top-section elementor-element elementor-element-dcc1b48 elementor-section-boxed elementor-section-height-default elementor-section-height-default\" data-id=\"dcc1b48\" data-element_type=\"section\">\n\t\t\t\t\t\t<div class=\"elementor-container elementor-column-gap-default\">\n\t\t\t\t\t<div class=\"elementor-column elementor-col-100 elementor-top-column elementor-element elementor-element-4b2dc11\" data-id=\"4b2dc11\" data-element_type=\"column\">\n\t\t\t<div class=\"elementor-widget-wrap elementor-element-populated\">\n\t\t\t\t\t\t\t\t<div class=\"elementor-element elementor-element-ac46925 elementor-widget elementor-widget-spacer\" data-id=\"ac46925\" data-element_type=\"widget\" data-widget_type=\"spacer.default\">\n\t\t\t\t<div class=\"elementor-widget-container\">\n\t\t\t\t\t<div class=\"elementor-spacer\">\n\t\t\t<div class=\"elementor-spacer-inner\"><\/div>\n\t\t<\/div>\n\t\t\t\t<\/div>\n\t\t\t\t<\/div>\n\t\t\t\t\t<\/div>\n\t\t<\/div>\n\t\t\t\t\t\t\t<\/div>\n\t\t<\/section>\n\t\t\t\t<section class=\"elementor-section elementor-top-section elementor-element elementor-element-f442a18 elementor-section-boxed elementor-section-height-default elementor-section-height-default\" data-id=\"f442a18\" data-element_type=\"section\">\n\t\t\t\t\t\t<div class=\"elementor-container elementor-column-gap-default\">\n\t\t\t\t\t<div class=\"elementor-column elementor-col-100 elementor-top-column elementor-element elementor-element-8a7d6fb\" data-id=\"8a7d6fb\" data-element_type=\"column\">\n\t\t\t<div class=\"elementor-widget-wrap elementor-element-populated\">\n\t\t\t\t\t\t\t\t<div class=\"elementor-element elementor-element-6830b82 elementor-widget elementor-widget-text-editor\" data-id=\"6830b82\" data-element_type=\"widget\" data-widget_type=\"text-editor.default\">\n\t\t\t\t<div class=\"elementor-widget-container\">\n\t\t\t\t\t\t\t<p><img src=\"https:\/\/www.retouralunite.com\/wp-content\/uploads\/2022\/03\/Lesliephoto-300x262.jpg\" alt=\"\" width=\"300\" height=\"262\" class=\"alignleft wp-image-996 size-medium\" srcset=\"https:\/\/www.retouralunite.com\/wp-content\/uploads\/2022\/03\/Lesliephoto-300x262.jpg 300w, https:\/\/www.retouralunite.com\/wp-content\/uploads\/2022\/03\/Lesliephoto.jpg 464w\" sizes=\"(max-width: 300px) 100vw, 300px\" \/><\/p><p><span>Ouverteuse de conscience, j\u2019ai un int\u00e9r\u00eat marqu\u00e9 pour le cheminement int\u00e9rieur et \u00e9nerg\u00e9tique depuis mon adolescence.<\/span><\/p><p><span>D\u00e8s l\u2019\u00e2ge de 20 ans j\u2019ai commenc\u00e9 ma d\u00e9marche de lib\u00e9ration et de transformation avec l\u2019aide de diff\u00e9rents outils tels que les constellations familiales, la kin\u00e9siologie, les massages.<\/span><\/p><p>J\u2019ai baign\u00e9 dans un milieu familial ou les m\u00e9thodes alternatives, l\u2019ouverture au pratique naturelle tel que l\u2019acupuncture, l\u2019hom\u00e9opathie et la m\u00e9ditation entre autre faisait partie de mon quotidien et c\u2019est naturellement que j\u2019ai d\u00e9velopp\u00e9 gr\u00e2ce \u00e0 la guidance de ma m\u00e8re\u00a0 une conscience a soi\u00a0 et de\u00a0 l\u2019importance de poser son regard en soi, de prendre en charge nos \u00e9tats d\u2019\u00eatre afin de lib\u00e9rer mes bagages, mes blocages pour d\u00e9couvrir qui j\u2019\u00e9tais et activer mon potentiel.<\/p><p>J\u2019ai d\u00e9m\u00e9nag\u00e9 au Canada en 2004 en r\u00e9ponse a un appel int\u00e9rieur que je sentais , et effectivement a peine le pied pos\u00e9 au Qu\u00e9bec je m\u2019y sentais comme chez moi.<\/p><p>J\u2019ai par la suite d\u00e9couvert le livre d\u2019un enseignant spirituel Michael J Roads\u00a0 qui a \u00e9t\u00e9, telle une r\u00e9v\u00e9lation pour moi et a unifi\u00e9 mes connaissances apprises et mon savoir inn\u00e9e. Il a \u00e9t\u00e9 pour moi une porte vers de plus grandes questions et j\u2019ai organis\u00e9 sa venue a Montr\u00e9al pour son s\u00e9minaire de 5 jours en 2017.<\/p><p><span style=\"font-size: inherit;\">En 2016, j\u2019ai fait la rencontre d\u2019une femme inspirante Maysoun directrice du centre \u00ab\u00a0Concertation Femme\u00a0\u00bb, un organisme qui propose des activit\u00e9s destin\u00e9es aux femmes de tout age et de toutes origines dans diff\u00e9rents domaines. Je faisais des interventions au sein de l\u2019\u00e9quipe en s\u00e9ance individuelle de PBA et puis on m\u2019a offert d\u2019animer des ateliers tout les mercredis aux adh\u00e9rentes. J\u2019ai alors cr\u00e9e les cours \u00a0\u00bb Regard sur nous-m\u00eames\u00a0\u00bb sur les th\u00e8mes du d\u00e9veloppement personnel, de la rencontre a soi, pour porter un regard diff\u00e9rent sur nous, les autres, la vie et permettre un changement positif dans notre quotidien.<\/span><\/p><p>C\u2019est \u00e0 cette m\u00eame p\u00e9riode que la puissante Marie-France Lambert re\u00e7oit en canalisation la demande de faire des groupes et cr\u00e9er sa m\u00e9thode r\u00e9volutionnaire de l\u2019autogu\u00e9rison de ses blessures d\u2019enfant. Elle m\u2019a offert l\u2019opportunit\u00e9 de co-animer les ateliers avec elle en France, au Canada, au Maroc.<\/p><p>De retour en Europe depuis 2020, je continue avec toujours autant de vivacit\u00e9 et de joie ce retour en moi pour permettre a l\u2019autre de choisir en conscience de s\u2019engager et de se r\u00e9aliser.<\/p>\t\t\t\t\t\t<\/div>\n\t\t\t\t<\/div>\n\t\t\t\t<div class=\"elementor-element elementor-element-f28309a elementor-widget elementor-widget-image\" data-id=\"f28309a\" data-element_type=\"widget\" data-widget_type=\"image.default\">\n\t\t\t\t<div class=\"elementor-widget-container\">\n\t\t\t\t\t\t\t\t\t\t\t\t\t\t\t<img width=\"300\" height=\"251\" src=\"https:\/\/www.retouralunite.com\/wp-content\/uploads\/2021\/10\/fleur-MF-300x251.png\" class=\"attachment-medium size-medium\" alt=\"\" srcset=\"https:\/\/www.retouralunite.com\/wp-content\/uploads\/2021\/10\/fleur-MF-300x251.png 300w, https:\/\/www.retouralunite.com\/wp-content\/uploads\/2021\/10\/fleur-MF-768x644.png 768w, https:\/\/www.retouralunite.com\/wp-content\/uploads\/2021\/10\/fleur-MF.png 940w\" sizes=\"(max-width: 300px) 100vw, 300px\" \/>\t\t\t\t\t\t\t\t\t\t\t\t\t\t\t<\/div>\n\t\t\t\t<\/div>\n\t\t\t\t\t<\/div>\n\t\t<\/div>\n\t\t\t\t\t\t\t<\/div>\n\t\t<\/section>\n\t\t\t\t<section class=\"elementor-section elementor-top-section elementor-element elementor-element-3992beb elementor-section-boxed elementor-section-height-default elementor-section-height-default\" data-id=\"3992beb\" data-element_type=\"section\">\n\t\t\t\t\t\t<div class=\"elementor-container elementor-column-gap-default\">\n\t\t\t\t\t<div class=\"elementor-column elementor-col-100 elementor-top-column elementor-element elementor-element-1b80bf3\" data-id=\"1b80bf3\" data-element_type=\"column\">\n\t\t\t<div class=\"elementor-widget-wrap\">\n\t\t\t\t\t\t\t\t\t<\/div>\n\t\t<\/div>\n\t\t\t\t\t\t\t<\/div>\n\t\t<\/section>\n\t\t\t\t<section class=\"elementor-section elementor-top-section elementor-element elementor-element-734245f elementor-section-boxed elementor-section-height-default elementor-section-height-default\" data-id=\"734245f\" data-element_type=\"section\">\n\t\t\t\t\t\t<div class=\"elementor-container elementor-column-gap-default\">\n\t\t\t\t\t<div class=\"elementor-column elementor-col-100 elementor-top-column elementor-element elementor-element-2a2372e\" data-id=\"2a2372e\" data-element_type=\"column\">\n\t\t\t<div class=\"elementor-widget-wrap elementor-element-populated\">\n\t\t\t\t\t\t\t\t<div class=\"elementor-element elementor-element-6002fc7 elementor-widget elementor-widget-text-editor\" data-id=\"6002fc7\" data-element_type=\"widget\" data-widget_type=\"text-editor.default\">\n\t\t\t\t<div class=\"elementor-widget-container\">\n\t\t\t\t\t\t\t<p><img src=\"https:\/\/www.retouralunite.com\/wp-content\/uploads\/2021\/08\/photo-MF-300x200.jpg\" alt=\"\" width=\"300\" height=\"200\" class=\"size-medium wp-image-399 alignright\" srcset=\"https:\/\/www.retouralunite.com\/wp-content\/uploads\/2021\/08\/photo-MF-300x200.jpg 300w, https:\/\/www.retouralunite.com\/wp-content\/uploads\/2021\/08\/photo-MF-1024x683.jpg 1024w, https:\/\/www.retouralunite.com\/wp-content\/uploads\/2021\/08\/photo-MF-768x512.jpg 768w, https:\/\/www.retouralunite.com\/wp-content\/uploads\/2021\/08\/photo-MF-1536x1024.jpg 1536w, https:\/\/www.retouralunite.com\/wp-content\/uploads\/2021\/08\/photo-MF-360x240.jpg 360w, https:\/\/www.retouralunite.com\/wp-content\/uploads\/2021\/08\/photo-MF.jpg 1600w\" sizes=\"(max-width: 300px) 100vw, 300px\" \/><\/p><p><span>Marie-France Lambert est sp\u00e9cialis\u00e9e dans l\u2019accompagnement pour prendre soin de l\u2019Enfant Int\u00e9rieur et travaille dans le milieu de la relation d\u2019aide, depuis 1992.<\/span><\/p><p><span>Elle est \u00e9galement dipl\u00f4m\u00e9e par la clinique Center\u2026.(Inde).<\/span><\/p><p><span>En parall\u00e8le, elle a suivi des ateliers en CNV (communication non violente) et constellations familiales.<\/span><\/p><p><span>Marie-France intervient aussi en tant qu&rsquo;assistante en ressources humaines en entreprise .<\/span><\/p><p><\/p>\t\t\t\t\t\t<\/div>\n\t\t\t\t<\/div>\n\t\t\t\t\t<\/div>\n\t\t<\/div>\n\t\t\t\t\t\t\t<\/div>\n\t\t<\/section>\n\t\t\t\t<section class=\"elementor-section elementor-top-section elementor-element elementor-element-5394aa5 elementor-section-boxed elementor-section-height-default elementor-section-height-default\" data-id=\"5394aa5\" data-element_type=\"section\">\n\t\t\t\t\t\t<div class=\"elementor-container elementor-column-gap-default\">\n\t\t\t\t\t<div class=\"elementor-column elementor-col-100 elementor-top-column elementor-element elementor-element-003b5fd\" data-id=\"003b5fd\" data-element_type=\"column\">\n\t\t\t<div class=\"elementor-widget-wrap elementor-element-populated\">\n\t\t\t\t\t\t\t\t<div class=\"elementor-element elementor-element-27c418e elementor-widget elementor-widget-spacer\" data-id=\"27c418e\" data-element_type=\"widget\" data-widget_type=\"spacer.default\">\n\t\t\t\t<div class=\"elementor-widget-container\">\n\t\t\t\t\t<div class=\"elementor-spacer\">\n\t\t\t<div class=\"elementor-spacer-inner\"><\/div>\n\t\t<\/div>\n\t\t\t\t<\/div>\n\t\t\t\t<\/div>\n\t\t\t\t\t<\/div>\n\t\t<\/div>\n\t\t\t\t\t\t\t<\/div>\n\t\t<\/section>\n\t\t\t\t\t\t<\/div>\n\t\t\t\t\t<\/div>\n\t\t","protected":false},"excerpt":{"rendered":"<p>Ouverteuse de conscience, j\u2019ai un int\u00e9r\u00eat marqu\u00e9 pour le cheminement int\u00e9rieur et \u00e9nerg\u00e9tique depuis mon adolescence. D\u00e8s l\u2019\u00e2ge de 20 ans j\u2019ai commenc\u00e9 ma d\u00e9marche de lib\u00e9ration et de transformation avec l\u2019aide de diff\u00e9rents outils tels que les constellations familiales, la kin\u00e9siologie, les massages. J\u2019ai baign\u00e9 dans un milieu familial [&hellip;]<\/p>\n","protected":false},"author":1,"featured_media":0,"parent":0,"menu_order":0,"comment_status":"closed","ping_status":"closed","template":"page-templates\/template-pagebuilder-full-width.php","meta":[],"_links":{"self":[{"href":"https:\/\/www.retouralunite.com\/index.php\/wp-json\/wp\/v2\/pages\/994"}],"collection":[{"href":"https:\/\/www.retouralunite.com\/index.php\/wp-json\/wp\/v2\/pages"}],"about":[{"href":"https:\/\/www.retouralunite.com\/index.php\/wp-json\/wp\/v2\/types\/page"}],"author":[{"embeddable":true,"href":"https:\/\/www.retouralunite.com\/index.php\/wp-json\/wp\/v2\/users\/1"}],"replies":[{"embeddable":true,"href":"https:\/\/www.retouralunite.com\/index.php\/wp-json\/wp\/v2\/comments?post=994"}],"version-history":[{"count":37,"href":"https:\/\/www.retouralunite.com\/index.php\/wp-json\/wp\/v2\/pages\/994\/revisions"}],"predecessor-version":[{"id":1423,"href":"https:\/\/www.retouralunite.com\/index.php\/wp-json\/wp\/v2\/pages\/994\/revisions\/1423"}],"wp:attachment":[{"href":"https:\/\/www.retouralunite.com\/index.php\/wp-json\/wp\/v2\/media?parent=994"}],"curies":[{"name":"wp","href":"https:\/\/api.w.org\/{rel}","templated":true}]}}